{"id":752,"date":"2022-07-29T23:57:31","date_gmt":"2022-07-29T23:57:31","guid":{"rendered":"https:\/\/audifonosdeasa.com\/?page_id=752"},"modified":"2024-10-29T20:25:25","modified_gmt":"2024-10-29T20:25:25","slug":"contacto-2","status":"publish","type":"page","link":"https:\/\/audifonosdeasa.com\/index.php\/contacto-2\/","title":{"rendered":"Contacto"},"content":{"rendered":"\t\t<div data-elementor-type=\"wp-page\" data-elementor-id=\"752\" class=\"elementor elementor-752\" data-elementor-settings=\"[]\">\n\t\t\t\t\t\t<div class=\"elementor-inner\">\n\t\t\t\t\t\t\t<div class=\"elementor-section-wrap\">\n\t\t\t\t\t\t\t<section class=\"elementor-section elementor-top-section elementor-element elementor-element-99f8a81 elementor-section-boxed elementor-section-height-default elementor-section-height-default\" data-id=\"99f8a81\" data-element_type=\"section\" data-settings=\"{&quot;background_background&quot;:&quot;classic&quot;,&quot;shape_divider_bottom&quot;:&quot;mountains&quot;}\">\n\t\t\t\t\t\t\t<div class=\"elementor-background-overlay\"><\/div>\n\t\t\t\t\t\t<div class=\"elementor-shape elementor-shape-bottom\" data-negative=\"false\">\n\t\t\t<svg xmlns=\"http:\/\/www.w3.org\/2000\/svg\" viewBox=\"0 0 1000 100\" preserveAspectRatio=\"none\">\n\t<path class=\"elementor-shape-fill\" opacity=\"0.33\" d=\"M473,67.3c-203.9,88.3-263.1-34-320.3,0C66,119.1,0,59.7,0,59.7V0h1000v59.7 c0,0-62.1,26.1-94.9,29.3c-32.8,3.3-62.8-12.3-75.8-22.1C806,49.6,745.3,8.7,694.9,4.7S492.4,59,473,67.3z\"\/>\n\t<path class=\"elementor-shape-fill\" opacity=\"0.66\" d=\"M734,67.3c-45.5,0-77.2-23.2-129.1-39.1c-28.6-8.7-150.3-10.1-254,39.1 s-91.7-34.4-149.2,0C115.7,118.3,0,39.8,0,39.8V0h1000v36.5c0,0-28.2-18.5-92.1-18.5C810.2,18.1,775.7,67.3,734,67.3z\"\/>\n\t<path class=\"elementor-shape-fill\" d=\"M766.1,28.9c-200-57.5-266,65.5-395.1,19.5C242,1.8,242,5.4,184.8,20.6C128,35.8,132.3,44.9,89.9,52.5C28.6,63.7,0,0,0,0 h1000c0,0-9.9,40.9-83.6,48.1S829.6,47,766.1,28.9z\"\/>\n<\/svg>\t\t<\/div>\n\t\t\t\t\t<div class=\"elementor-container elementor-column-gap-default\">\n\t\t\t\t\t\t\t<div class=\"elementor-row\">\n\t\t\t\t\t<div class=\"elementor-column elementor-col-100 elementor-top-column elementor-element elementor-element-fc91ac1\" data-id=\"fc91ac1\" data-element_type=\"column\">\n\t\t\t<div class=\"elementor-column-wrap elementor-element-populated\">\n\t\t\t\t\t\t\t<div class=\"elementor-widget-wrap\">\n\t\t\t\t\t\t<div class=\"elementor-element elementor-element-e2c3190 elementor-widget elementor-widget-spacer\" data-id=\"e2c3190\" data-element_type=\"widget\" data-widget_type=\"spacer.default\">\n\t\t\t\t<div class=\"elementor-widget-container\">\n\t\t\t\t\t<div class=\"elementor-spacer\">\n\t\t\t<div class=\"elementor-spacer-inner\"><\/div>\n\t\t<\/div>\n\t\t\t\t<\/div>\n\t\t\t\t<\/div>\n\t\t\t\t<div class=\"elementor-element elementor-element-20b1027 elementor-widget elementor-widget-spacer\" data-id=\"20b1027\" data-element_type=\"widget\" data-widget_type=\"spacer.default\">\n\t\t\t\t<div class=\"elementor-widget-container\">\n\t\t\t\t\t<div class=\"elementor-spacer\">\n\t\t\t<div class=\"elementor-spacer-inner\"><\/div>\n\t\t<\/div>\n\t\t\t\t<\/div>\n\t\t\t\t<\/div>\n\t\t\t\t<div class=\"elementor-element elementor-element-499f9d1 elementor-widget elementor-widget-heading\" data-id=\"499f9d1\" data-element_type=\"widget\" data-widget_type=\"heading.default\">\n\t\t\t\t<div class=\"elementor-widget-container\">\n\t\t\t<h1 class=\"elementor-heading-title elementor-size-large\"><b>Grupo Deasa widex<\/b><\/h1>\t\t<\/div>\n\t\t\t\t<\/div>\n\t\t\t\t\t\t<\/div>\n\t\t\t\t\t<\/div>\n\t\t<\/div>\n\t\t\t\t\t\t\t\t<\/div>\n\t\t\t\t\t<\/div>\n\t\t<\/section>\n\t\t\t\t<section class=\"elementor-section elementor-top-section elementor-element elementor-element-9c91852 elementor-section-boxed elementor-section-height-default elementor-section-height-default\" data-id=\"9c91852\" data-element_type=\"section\" data-settings=\"{&quot;background_background&quot;:&quot;classic&quot;}\">\n\t\t\t\t\t\t<div class=\"elementor-container elementor-column-gap-default\">\n\t\t\t\t\t\t\t<div class=\"elementor-row\">\n\t\t\t\t\t<div class=\"elementor-column elementor-col-33 elementor-top-column elementor-element elementor-element-dcaa9ea\" data-id=\"dcaa9ea\" data-element_type=\"column\">\n\t\t\t<div class=\"elementor-column-wrap elementor-element-populated\">\n\t\t\t\t\t\t\t<div class=\"elementor-widget-wrap\">\n\t\t\t\t\t\t<div class=\"elementor-element elementor-element-771a34b elementor-widget elementor-widget-text-editor\" data-id=\"771a34b\" data-element_type=\"widget\" data-widget_type=\"text-editor.default\">\n\t\t\t\t<div class=\"elementor-widget-container\">\n\t\t\t\t\t<div class=\"elementor-text-editor elementor-clearfix\"><p style=\"text-align: center;\"><span style=\"color: #ffffff;\"><strong>SUCURSAL ATL\u00c1NTIDA\u00a0<\/strong><\/span><\/p><\/div>\n\t\t\t\t<\/div>\n\t\t\t\t<\/div>\n\t\t\t\t<div class=\"elementor-element elementor-element-c64b654 elementor-widget elementor-widget-text-editor\" data-id=\"c64b654\" data-element_type=\"widget\" data-widget_type=\"text-editor.default\">\n\t\t\t\t<div class=\"elementor-widget-container\">\n\t\t\t\t\t<div class=\"elementor-text-editor elementor-clearfix\"><p style=\"text-align: center;\">Central No. 92 Local B Col. Atl\u00e1ntida, C.P. 04370, Alcald\u00eda Coyoac\u00e1n, Ciudad de M\u00e9xico<\/p><\/div>\n\t\t\t\t<\/div>\n\t\t\t\t<\/div>\n\t\t\t\t\t\t<\/div>\n\t\t\t\t\t<\/div>\n\t\t<\/div>\n\t\t\t\t<div class=\"elementor-column elementor-col-33 elementor-top-column elementor-element elementor-element-da68993\" data-id=\"da68993\" data-element_type=\"column\">\n\t\t\t<div class=\"elementor-column-wrap elementor-element-populated\">\n\t\t\t\t\t\t\t<div class=\"elementor-widget-wrap\">\n\t\t\t\t\t\t<div class=\"elementor-element elementor-element-0207f5f elementor-widget elementor-widget-text-editor\" data-id=\"0207f5f\" data-element_type=\"widget\" data-widget_type=\"text-editor.default\">\n\t\t\t\t<div class=\"elementor-widget-container\">\n\t\t\t\t\t<div class=\"elementor-text-editor elementor-clearfix\"><p style=\"text-align: center;\"><span style=\"color: #ffffff;\">Tel: (55) 5535 3672<\/span><\/p><p style=\"text-align: center;\"><span style=\"color: #ffffff;\">Tel: (55) 5546 4247<\/span><\/p><\/div>\n\t\t\t\t<\/div>\n\t\t\t\t<\/div>\n\t\t\t\t\t\t<\/div>\n\t\t\t\t\t<\/div>\n\t\t<\/div>\n\t\t\t\t<div class=\"elementor-column elementor-col-33 elementor-top-column elementor-element elementor-element-4eaf109\" data-id=\"4eaf109\" data-element_type=\"column\">\n\t\t\t<div class=\"elementor-column-wrap elementor-element-populated\">\n\t\t\t\t\t\t\t<div class=\"elementor-widget-wrap\">\n\t\t\t\t\t\t<div class=\"elementor-element elementor-element-6df9376 elementor-widget elementor-widget-html\" data-id=\"6df9376\" data-element_type=\"widget\" data-widget_type=\"html.default\">\n\t\t\t\t<div class=\"elementor-widget-container\">\n\t\t\t<iframe src=\"https:\/\/www.google.com\/maps\/embed?pb=!1m17!1m12!1m3!1d623.9196109230567!2d-99.14713334416041!3d19.340310605512535!2m3!1f0!2f0!3f0!3m2!1i1024!2i768!4f13.1!3m2!1m1!2s!5e0!3m2!1ses!2smx!4v1730233514505!5m2!1ses!2smx\" width=\"600\" height=\"450\" style=\"border:0;\" allowfullscreen=\"\" loading=\"lazy\" referrerpolicy=\"no-referrer-when-downgrade\"><\/iframe>\t\t<\/div>\n\t\t\t\t<\/div>\n\t\t\t\t\t\t<\/div>\n\t\t\t\t\t<\/div>\n\t\t<\/div>\n\t\t\t\t\t\t\t\t<\/div>\n\t\t\t\t\t<\/div>\n\t\t<\/section>\n\t\t\t\t<section class=\"elementor-section elementor-top-section elementor-element elementor-element-9ccae64 elementor-section-boxed elementor-section-height-default elementor-section-height-default\" data-id=\"9ccae64\" data-element_type=\"section\" data-settings=\"{&quot;background_background&quot;:&quot;classic&quot;}\">\n\t\t\t\t\t\t<div class=\"elementor-container elementor-column-gap-default\">\n\t\t\t\t\t\t\t<div class=\"elementor-row\">\n\t\t\t\t\t<div class=\"elementor-column elementor-col-33 elementor-top-column elementor-element elementor-element-0af9009\" data-id=\"0af9009\" data-element_type=\"column\">\n\t\t\t<div class=\"elementor-column-wrap elementor-element-populated\">\n\t\t\t\t\t\t\t<div class=\"elementor-widget-wrap\">\n\t\t\t\t\t\t<div class=\"elementor-element elementor-element-f7b9a4c elementor-widget elementor-widget-text-editor\" data-id=\"f7b9a4c\" data-element_type=\"widget\" data-widget_type=\"text-editor.default\">\n\t\t\t\t<div class=\"elementor-widget-container\">\n\t\t\t\t\t<div class=\"elementor-text-editor elementor-clearfix\"><p style=\"text-align: center;\"><span style=\"color: #003300;\"><strong>SUCURSAL INSURGENTES<\/strong><\/span><\/p><\/div>\n\t\t\t\t<\/div>\n\t\t\t\t<\/div>\n\t\t\t\t<div class=\"elementor-element elementor-element-1dc1bdc elementor-widget elementor-widget-text-editor\" data-id=\"1dc1bdc\" data-element_type=\"widget\" data-widget_type=\"text-editor.default\">\n\t\t\t\t<div class=\"elementor-widget-container\">\n\t\t\t\t\t<div class=\"elementor-text-editor elementor-clearfix\"><p style=\"text-align: center;\">Insurgentes Sur 590 Int. D4, Col. Del Valle, C.P. 03100, Alcald\u00eda Benito Ju\u00e1rez, Ciudad de M\u00e9xico.<\/p><\/div>\n\t\t\t\t<\/div>\n\t\t\t\t<\/div>\n\t\t\t\t\t\t<\/div>\n\t\t\t\t\t<\/div>\n\t\t<\/div>\n\t\t\t\t<div class=\"elementor-column elementor-col-33 elementor-top-column elementor-element elementor-element-07ff7bd\" data-id=\"07ff7bd\" data-element_type=\"column\">\n\t\t\t<div class=\"elementor-column-wrap elementor-element-populated\">\n\t\t\t\t\t\t\t<div class=\"elementor-widget-wrap\">\n\t\t\t\t\t\t<div class=\"elementor-element elementor-element-c6c715b elementor-widget elementor-widget-text-editor\" data-id=\"c6c715b\" data-element_type=\"widget\" data-widget_type=\"text-editor.default\">\n\t\t\t\t<div class=\"elementor-widget-container\">\n\t\t\t\t\t<div class=\"elementor-text-editor elementor-clearfix\"><p style=\"text-align: center;\"><span style=\"color: #003300;\">Tel: (55) 5523 5686<\/span><\/p><p style=\"text-align: center;\"><span style=\"color: #003300;\">Tel: (55) 5543 6397<\/span><\/p><\/div>\n\t\t\t\t<\/div>\n\t\t\t\t<\/div>\n\t\t\t\t\t\t<\/div>\n\t\t\t\t\t<\/div>\n\t\t<\/div>\n\t\t\t\t<div class=\"elementor-column elementor-col-33 elementor-top-column elementor-element elementor-element-bbf956f\" data-id=\"bbf956f\" data-element_type=\"column\">\n\t\t\t<div class=\"elementor-column-wrap elementor-element-populated\">\n\t\t\t\t\t\t\t<div class=\"elementor-widget-wrap\">\n\t\t\t\t\t\t<div class=\"elementor-element elementor-element-195c2ec elementor-widget elementor-widget-html\" data-id=\"195c2ec\" data-element_type=\"widget\" data-widget_type=\"html.default\">\n\t\t\t\t<div class=\"elementor-widget-container\">\n\t\t\t<iframe src=\"https:\/\/www.google.com\/maps\/embed?pb=!1m18!1m12!1m3!1d3763.3382001359573!2d-99.17342632513086!3d19.397788081874243!2m3!1f0!2f0!3f0!3m2!1i1024!2i768!4f13.1!3m3!1m2!1s0x85d1ff6da18686a1%3A0x43bbb01450f4aeed!2sAv.%20Insurgentes%20Sur%20590-D4%2C%20Col%20del%20Valle%20Centro%2C%20Benito%20Ju%C3%A1rez%2C%2003100%20Ciudad%20de%20M%C3%A9xico%2C%20CDMX!5e0!3m2!1ses!2smx!4v1730233394696!5m2!1ses!2smx\" width=\"600\" height=\"450\" style=\"border:0;\" allowfullscreen=\"\" loading=\"lazy\" referrerpolicy=\"no-referrer-when-downgrade\"><\/iframe>\t\t<\/div>\n\t\t\t\t<\/div>\n\t\t\t\t\t\t<\/div>\n\t\t\t\t\t<\/div>\n\t\t<\/div>\n\t\t\t\t\t\t\t\t<\/div>\n\t\t\t\t\t<\/div>\n\t\t<\/section>\n\t\t\t\t<section class=\"elementor-section elementor-top-section elementor-element elementor-element-8fdcbbb elementor-section-boxed elementor-section-height-default elementor-section-height-default\" data-id=\"8fdcbbb\" data-element_type=\"section\" data-settings=\"{&quot;background_background&quot;:&quot;classic&quot;}\">\n\t\t\t\t\t\t<div class=\"elementor-container elementor-column-gap-default\">\n\t\t\t\t\t\t\t<div class=\"elementor-row\">\n\t\t\t\t\t<div class=\"elementor-column elementor-col-33 elementor-top-column elementor-element elementor-element-4b337f1\" data-id=\"4b337f1\" data-element_type=\"column\">\n\t\t\t<div class=\"elementor-column-wrap elementor-element-populated\">\n\t\t\t\t\t\t\t<div class=\"elementor-widget-wrap\">\n\t\t\t\t\t\t<div class=\"elementor-element elementor-element-3862e3f elementor-widget elementor-widget-text-editor\" data-id=\"3862e3f\" data-element_type=\"widget\" data-widget_type=\"text-editor.default\">\n\t\t\t\t<div class=\"elementor-widget-container\">\n\t\t\t\t\t<div class=\"elementor-text-editor elementor-clearfix\"><p style=\"text-align: center;\"><span style=\"color: #ffffff;\"><strong>SUCURSAL CUAUHT\u00c9MOC<\/strong><\/span><\/p><\/div>\n\t\t\t\t<\/div>\n\t\t\t\t<\/div>\n\t\t\t\t<div class=\"elementor-element elementor-element-ec56b73 elementor-widget elementor-widget-text-editor\" data-id=\"ec56b73\" data-element_type=\"widget\" data-widget_type=\"text-editor.default\">\n\t\t\t\t<div class=\"elementor-widget-container\">\n\t\t\t\t\t<div class=\"elementor-text-editor elementor-clearfix\"><p style=\"text-align: center;\"><span style=\"color: #ffffff;\">R\u00edo P\u00e1nuco No. 183, Col. Cuauht\u00e9moc C.P. 06500, Alcald\u00eda Cuauht\u00e9moc, Ciudad de M\u00e9xico.<br \/><\/span><\/p><\/div>\n\t\t\t\t<\/div>\n\t\t\t\t<\/div>\n\t\t\t\t\t\t<\/div>\n\t\t\t\t\t<\/div>\n\t\t<\/div>\n\t\t\t\t<div class=\"elementor-column elementor-col-33 elementor-top-column elementor-element elementor-element-b2f846c\" data-id=\"b2f846c\" data-element_type=\"column\">\n\t\t\t<div class=\"elementor-column-wrap elementor-element-populated\">\n\t\t\t\t\t\t\t<div class=\"elementor-widget-wrap\">\n\t\t\t\t\t\t<div class=\"elementor-element elementor-element-52e7de1 elementor-widget elementor-widget-text-editor\" data-id=\"52e7de1\" data-element_type=\"widget\" data-widget_type=\"text-editor.default\">\n\t\t\t\t<div class=\"elementor-widget-container\">\n\t\t\t\t\t<div class=\"elementor-text-editor elementor-clearfix\"><p style=\"text-align: center;\"><span style=\"color: #ffffff;\">Tel: (55) 5511 0664<\/span><\/p><p style=\"text-align: center;\"><span style=\"color: #ffffff;\">Tel: (55) 5525 8945\u00a0<\/span><\/p><p style=\"text-align: center;\"><span style=\"color: #ffffff;\">WhatsApp: (55) 4190 3849<\/span><\/p><\/div>\n\t\t\t\t<\/div>\n\t\t\t\t<\/div>\n\t\t\t\t\t\t<\/div>\n\t\t\t\t\t<\/div>\n\t\t<\/div>\n\t\t\t\t<div class=\"elementor-column elementor-col-33 elementor-top-column elementor-element elementor-element-f3f0d82\" data-id=\"f3f0d82\" data-element_type=\"column\">\n\t\t\t<div class=\"elementor-column-wrap elementor-element-populated\">\n\t\t\t\t\t\t\t<div class=\"elementor-widget-wrap\">\n\t\t\t\t\t\t<div class=\"elementor-element elementor-element-58a31ff elementor-widget elementor-widget-html\" data-id=\"58a31ff\" data-element_type=\"widget\" data-widget_type=\"html.default\">\n\t\t\t\t<div class=\"elementor-widget-container\">\n\t\t\t<iframe src=\"https:\/\/www.google.com\/maps\/embed?pb=!1m18!1m12!1m3!1d15050.538219544651!2d-99.17276725056072!3d19.42818958050905!2m3!1f0!2f0!3f0!3m2!1i1024!2i768!4f13.1!3m3!1m2!1s0x85d1ff4b83ee548d%3A0x431fd166f4bc3a86!2zUsOtbyBQw6FudWNvIDE4MywgQ3VhdWh0w6ltb2MsIDA2NTAwIENpdWRhZCBkZSBNw6l4aWNvLCBDRE1Y!5e0!3m2!1ses!2smx!4v1730233354214!5m2!1ses!2smx\" width=\"600\" height=\"450\" style=\"border:0;\" allowfullscreen=\"\" loading=\"lazy\" referrerpolicy=\"no-referrer-when-downgrade\"><\/iframe>\t\t<\/div>\n\t\t\t\t<\/div>\n\t\t\t\t\t\t<\/div>\n\t\t\t\t\t<\/div>\n\t\t<\/div>\n\t\t\t\t\t\t\t\t<\/div>\n\t\t\t\t\t<\/div>\n\t\t<\/section>\n\t\t\t\t\t\t<\/div>\n\t\t\t\t\t\t<\/div>\n\t\t\t\t\t<\/div>\n\t\t","protected":false},"excerpt":{"rendered":"<p>Grupo Deasa widex SUCURSAL ATL\u00c1NTIDA\u00a0 Central No. 92 Local B Col. Atl\u00e1ntida, C.P. 04370, Alcald\u00eda Coyoac\u00e1n, Ciudad de M\u00e9xico Tel: (55) 5535 3672 Tel: (55) 5546 4247 SUCURSAL INSURGENTES Insurgentes Sur 590 Int. D4, Col. Del Valle, C.P. 03100, Alcald\u00eda Benito Ju\u00e1rez, Ciudad de M\u00e9xico. Tel: (55) 5523 5686 Tel: (55) 5543 6397 SUCURSAL CUAUHT\u00c9MOC&hellip; <a class=\"more-link\" href=\"https:\/\/audifonosdeasa.com\/index.php\/contacto-2\/\">Seguir leyendo <span class=\"screen-reader-text\">Contacto<\/span><\/a><\/p>\n","protected":false},"author":1,"featured_media":0,"parent":0,"menu_order":0,"comment_status":"closed","ping_status":"closed","template":"elementor_header_footer","meta":{"om_disable_all_campaigns":false,"_monsterinsights_skip_tracking":false,"_monsterinsights_sitenote_active":false,"_monsterinsights_sitenote_note":"","_monsterinsights_sitenote_category":0,"footnotes":""},"class_list":["post-752","page","type-page","status-publish","hentry","entry"],"aioseo_notices":[],"yoast_head":"<!-- This site is optimized with the Yoast SEO plugin v23.8 - https:\/\/yoast.com\/wordpress\/plugins\/seo\/ -->\n<title>Contacto - Audifonos Deasa Widex<\/title>\n<meta name=\"robots\" content=\"index, follow, max-snippet:-1, max-image-preview:large, max-video-preview:-1\" \/>\n<link rel=\"canonical\" href=\"https:\/\/audifonosdeasa.com\/index.php\/contacto-2\/\" \/>\n<meta property=\"og:locale\" content=\"es_ES\" \/>\n<meta property=\"og:type\" content=\"article\" \/>\n<meta property=\"og:title\" content=\"Contacto - Audifonos Deasa Widex\" \/>\n<meta property=\"og:description\" content=\"Grupo Deasa widex SUCURSAL ATL\u00c1NTIDA\u00a0 Central No. 92 Local B Col. Atl\u00e1ntida, C.P. 04370, Alcald\u00eda Coyoac\u00e1n, Ciudad de M\u00e9xico Tel: (55) 5535 3672 Tel: (55) 5546 4247 SUCURSAL INSURGENTES Insurgentes Sur 590 Int. D4, Col. Del Valle, C.P. 03100, Alcald\u00eda Benito Ju\u00e1rez, Ciudad de M\u00e9xico. Tel: (55) 5523 5686 Tel: (55) 5543 6397 SUCURSAL CUAUHT\u00c9MOC&hellip; Seguir leyendo Contacto\" \/>\n<meta property=\"og:url\" content=\"https:\/\/audifonosdeasa.com\/index.php\/contacto-2\/\" \/>\n<meta property=\"og:site_name\" content=\"Audifonos Deasa Widex\" \/>\n<meta property=\"article:modified_time\" content=\"2024-10-29T20:25:25+00:00\" \/>\n<meta name=\"twitter:card\" content=\"summary_large_image\" \/>\n<script type=\"application\/ld+json\" class=\"yoast-schema-graph\">{\"@context\":\"https:\/\/schema.org\",\"@graph\":[{\"@type\":\"WebPage\",\"@id\":\"https:\/\/audifonosdeasa.com\/index.php\/contacto-2\/\",\"url\":\"https:\/\/audifonosdeasa.com\/index.php\/contacto-2\/\",\"name\":\"Contacto - Audifonos Deasa Widex\",\"isPartOf\":{\"@id\":\"https:\/\/audifonosdeasa.com\/#website\"},\"datePublished\":\"2022-07-29T23:57:31+00:00\",\"dateModified\":\"2024-10-29T20:25:25+00:00\",\"breadcrumb\":{\"@id\":\"https:\/\/audifonosdeasa.com\/index.php\/contacto-2\/#breadcrumb\"},\"inLanguage\":\"es\",\"potentialAction\":[{\"@type\":\"ReadAction\",\"target\":[\"https:\/\/audifonosdeasa.com\/index.php\/contacto-2\/\"]}]},{\"@type\":\"BreadcrumbList\",\"@id\":\"https:\/\/audifonosdeasa.com\/index.php\/contacto-2\/#breadcrumb\",\"itemListElement\":[{\"@type\":\"ListItem\",\"position\":1,\"name\":\"Portada\",\"item\":\"https:\/\/audifonosdeasa.com\/\"},{\"@type\":\"ListItem\",\"position\":2,\"name\":\"Contacto\"}]},{\"@type\":\"WebSite\",\"@id\":\"https:\/\/audifonosdeasa.com\/#website\",\"url\":\"https:\/\/audifonosdeasa.com\/\",\"name\":\"Audifonos Deasa Widex\",\"description\":\"Grupo Deasa Widex\",\"publisher\":{\"@id\":\"https:\/\/audifonosdeasa.com\/#organization\"},\"potentialAction\":[{\"@type\":\"SearchAction\",\"target\":{\"@type\":\"EntryPoint\",\"urlTemplate\":\"https:\/\/audifonosdeasa.com\/?s={search_term_string}\"},\"query-input\":{\"@type\":\"PropertyValueSpecification\",\"valueRequired\":true,\"valueName\":\"search_term_string\"}}],\"inLanguage\":\"es\"},{\"@type\":\"Organization\",\"@id\":\"https:\/\/audifonosdeasa.com\/#organization\",\"name\":\"Audifonos Deasa Widex\",\"url\":\"https:\/\/audifonosdeasa.com\/\",\"logo\":{\"@type\":\"ImageObject\",\"inLanguage\":\"es\",\"@id\":\"https:\/\/audifonosdeasa.com\/#\/schema\/logo\/image\/\",\"url\":\"https:\/\/audifonosdeasa.com\/wp-content\/uploads\/2021\/11\/Nuevo-logo-deasa.png\",\"contentUrl\":\"https:\/\/audifonosdeasa.com\/wp-content\/uploads\/2021\/11\/Nuevo-logo-deasa.png\",\"width\":2048,\"height\":1468,\"caption\":\"Audifonos Deasa Widex\"},\"image\":{\"@id\":\"https:\/\/audifonosdeasa.com\/#\/schema\/logo\/image\/\"}}]}<\/script>\n<!-- \/ Yoast SEO plugin. -->","yoast_head_json":{"title":"Contacto - Audifonos Deasa Widex","robots":{"index":"index","follow":"follow","max-snippet":"max-snippet:-1","max-image-preview":"max-image-preview:large","max-video-preview":"max-video-preview:-1"},"canonical":"https:\/\/audifonosdeasa.com\/index.php\/contacto-2\/","og_locale":"es_ES","og_type":"article","og_title":"Contacto - Audifonos Deasa Widex","og_description":"Grupo Deasa widex SUCURSAL ATL\u00c1NTIDA\u00a0 Central No. 92 Local B Col. Atl\u00e1ntida, C.P. 04370, Alcald\u00eda Coyoac\u00e1n, Ciudad de M\u00e9xico Tel: (55) 5535 3672 Tel: (55) 5546 4247 SUCURSAL INSURGENTES Insurgentes Sur 590 Int. D4, Col. Del Valle, C.P. 03100, Alcald\u00eda Benito Ju\u00e1rez, Ciudad de M\u00e9xico. Tel: (55) 5523 5686 Tel: (55) 5543 6397 SUCURSAL CUAUHT\u00c9MOC&hellip; Seguir leyendo Contacto","og_url":"https:\/\/audifonosdeasa.com\/index.php\/contacto-2\/","og_site_name":"Audifonos Deasa Widex","article_modified_time":"2024-10-29T20:25:25+00:00","twitter_card":"summary_large_image","schema":{"@context":"https:\/\/schema.org","@graph":[{"@type":"WebPage","@id":"https:\/\/audifonosdeasa.com\/index.php\/contacto-2\/","url":"https:\/\/audifonosdeasa.com\/index.php\/contacto-2\/","name":"Contacto - Audifonos Deasa Widex","isPartOf":{"@id":"https:\/\/audifonosdeasa.com\/#website"},"datePublished":"2022-07-29T23:57:31+00:00","dateModified":"2024-10-29T20:25:25+00:00","breadcrumb":{"@id":"https:\/\/audifonosdeasa.com\/index.php\/contacto-2\/#breadcrumb"},"inLanguage":"es","potentialAction":[{"@type":"ReadAction","target":["https:\/\/audifonosdeasa.com\/index.php\/contacto-2\/"]}]},{"@type":"BreadcrumbList","@id":"https:\/\/audifonosdeasa.com\/index.php\/contacto-2\/#breadcrumb","itemListElement":[{"@type":"ListItem","position":1,"name":"Portada","item":"https:\/\/audifonosdeasa.com\/"},{"@type":"ListItem","position":2,"name":"Contacto"}]},{"@type":"WebSite","@id":"https:\/\/audifonosdeasa.com\/#website","url":"https:\/\/audifonosdeasa.com\/","name":"Audifonos Deasa Widex","description":"Grupo Deasa Widex","publisher":{"@id":"https:\/\/audifonosdeasa.com\/#organization"},"potentialAction":[{"@type":"SearchAction","target":{"@type":"EntryPoint","urlTemplate":"https:\/\/audifonosdeasa.com\/?s={search_term_string}"},"query-input":{"@type":"PropertyValueSpecification","valueRequired":true,"valueName":"search_term_string"}}],"inLanguage":"es"},{"@type":"Organization","@id":"https:\/\/audifonosdeasa.com\/#organization","name":"Audifonos Deasa Widex","url":"https:\/\/audifonosdeasa.com\/","logo":{"@type":"ImageObject","inLanguage":"es","@id":"https:\/\/audifonosdeasa.com\/#\/schema\/logo\/image\/","url":"https:\/\/audifonosdeasa.com\/wp-content\/uploads\/2021\/11\/Nuevo-logo-deasa.png","contentUrl":"https:\/\/audifonosdeasa.com\/wp-content\/uploads\/2021\/11\/Nuevo-logo-deasa.png","width":2048,"height":1468,"caption":"Audifonos Deasa Widex"},"image":{"@id":"https:\/\/audifonosdeasa.com\/#\/schema\/logo\/image\/"}}]}},"_links":{"self":[{"href":"https:\/\/audifonosdeasa.com\/index.php\/wp-json\/wp\/v2\/pages\/752"}],"collection":[{"href":"https:\/\/audifonosdeasa.com\/index.php\/wp-json\/wp\/v2\/pages"}],"about":[{"href":"https:\/\/audifonosdeasa.com\/index.php\/wp-json\/wp\/v2\/types\/page"}],"author":[{"embeddable":true,"href":"https:\/\/audifonosdeasa.com\/index.php\/wp-json\/wp\/v2\/users\/1"}],"replies":[{"embeddable":true,"href":"https:\/\/audifonosdeasa.com\/index.php\/wp-json\/wp\/v2\/comments?post=752"}],"version-history":[{"count":67,"href":"https:\/\/audifonosdeasa.com\/index.php\/wp-json\/wp\/v2\/pages\/752\/revisions"}],"predecessor-version":[{"id":1130,"href":"https:\/\/audifonosdeasa.com\/index.php\/wp-json\/wp\/v2\/pages\/752\/revisions\/1130"}],"wp:attachment":[{"href":"https:\/\/audifonosdeasa.com\/index.php\/wp-json\/wp\/v2\/media?parent=752"}],"curies":[{"name":"wp","href":"https:\/\/api.w.org\/{rel}","templated":true}]}}